{"id":1858,"date":"2019-07-23T01:50:19","date_gmt":"2019-07-23T01:50:19","guid":{"rendered":"https:\/\/challengecuptournaments.com\/?page_id=1858"},"modified":"2025-08-19T15:01:05","modified_gmt":"2025-08-19T15:01:05","slug":"cookie-policy","status":"publish","type":"page","link":"https:\/\/challengecuptournaments.com\/es\/cookie-policy\/","title":{"rendered":"Pol\u00edtica de Cookies"},"content":{"rendered":"<p>\n<section class=\"sh-section sh-section-d1ed6dbc09130afe8368e752cc9c53ba fw-main-row sh-section-visibility-everywhere\" id=\"program\">\n\t\t\t<div class=\"sh-section-overlay-d1ed6dbc09130afe8368e752cc9c53ba sh-section-overlay-front\"><\/div>\n\t\n\t\n\t<div class=\"sh-section-container container\">\n\t\t<div class=\"fw-row\">\n\t\n<div class=\"sh-column sh-column-210f68abc56b3e217520a9acaad9d115 fw-col-xs-12\" >\n\n\t\n\t<div class=\"sh-column-wrapper\">\n\t\t\n<div id=\"text-block-2395f3378a25bc42aca13c0f50b051f4\" class=\"sh-text-block\">\n\t<p><span style=\"color: #ffffff; font-size: 18px;\">CHALLENGE CUP TOURNAMENTS<\/span><\/p><\/div>\n\n<div class=\"sh-heading\" id=\"heading-6ebaed389cdbe3009de946a9f09cc4eb\">\n\t<div class=\"sh-element-margin\">\n\n\t\t\n\t\t\t<h1 class=\"sh-heading-content size-custom text-left\">\n\t\t\t\tPOL\u00cdTICA DE COOKIES\t\t\t<\/h1>\n\n\t\t\n\t<\/div>\n<\/div>\n\t<\/div>\n\n\n\t\t\n\n<\/div>\n<\/div>\n\n\t<\/div>\n<\/section>\n\n<section class=\"sh-section sh-section-78778c1345ed5b3c0f690e72677ea8d2 fw-main-row sh-section-visibility-everywhere\">\n\t\n\t\n\t<div class=\"sh-section-container container\">\n\t\t<div class=\"fw-row\">\n\t\n<div class=\"sh-column sh-column-04bfa70fcf4ffd0cfee6f771bbde2f0f fw-col-xs-12\" >\n\n\t\n\t<div class=\"sh-column-wrapper\">\n\t\t\n<div id=\"text-block-b21dd133f88335607bfd006f2d115ca7\" class=\"sh-text-block\">\n\t<p data-start=\"135\" data-end=\"253\"><span style=\"color: #025385;\"><strong data-start=\"135\" data-end=\"251\">LEE ATENTAMENTE ESTA POL\u00cdTICA DE COOKIES Y OTRAS TECNOLOG\u00cdAS SIMILARES ANTES DE UTILIZAR ESTE SITIO WEB O APLICACI\u00d3N<\/strong><\/span><\/p><p data-start=\"255\" data-end=\"278\"><span style=\"color: #025385;\"><strong data-start=\"255\" data-end=\"276\">\u00bfQu\u00e9 son las cookies?<\/strong><\/span><\/p><p data-start=\"280\" data-end=\"869\"><span style=\"color: #025385;\">Las cookies son peque\u00f1os archivos de texto que contienen letras y n\u00fameros y que pueden instalarse en tu dispositivo cada vez que visitas un sitio web o utilizas una aplicaci\u00f3n. Utilizamos cookies para mejorar tu experiencia en nuestra Plataforma recordando tus preferencias.\n\nPor ejemplo, en muchos sitios web de comercio electr\u00f3nico, si a\u00f1ades un art\u00edculo a un carrito de compra online sin finalizar el proceso de pago, la pr\u00f3xima vez que visites el mismo sitio web es posible que todav\u00eda veas el mismo art\u00edculo en tu carrito. Las cookies ayudan a registrar estas preferencias.\n\nSi no utilizas cookies, tu experiencia en nuestra Plataforma puede no ser tan intuitiva.<\/span><\/p><p data-start=\"871\" data-end=\"974\"><span style=\"color: #025385;\">Para obtener m\u00e1s informaci\u00f3n sobre las cookies, visita <a class=\"\" style=\"color: #025385;\" href=\"https:\/\/www.allaboutcookies.org\" target=\"_new\" rel=\"noopener\" data-start=\"913\" data-end=\"971\">www.allaboutcookies.org<\/a>.<\/span><\/p><p data-start=\"976\" data-end=\"1004\"><span style=\"color: #025385;\"><strong data-start=\"976\" data-end=\"1002\">\u00bfPor qu\u00e9 utilizamos cookies?<\/strong><\/span><\/p><p data-start=\"1006\" data-end=\"1158\"><span style=\"color: #025385;\">Las cookies tienen diversos prop\u00f3sitos, como facilitar la navegaci\u00f3n, almacenar preferencias, ofrecer contenido relevante y mejorar tu experiencia de usuario.<\/span><\/p><p data-start=\"1160\" data-end=\"1180\"><span style=\"color: #025385;\">Utilizamos cookies para:<\/span><\/p><ul data-start=\"1182\" data-end=\"1690\"><li data-start=\"1182\" data-end=\"1387\"><p data-start=\"1184\" data-end=\"1387\"><span style=\"color: #025385;\">Gestiona tus preferencias y mejora determinadas funciones de nuestra Plataforma. Esto puede incluir la recopilaci\u00f3n de informaci\u00f3n sobre la fecha y hora de tu visita, tu historial de navegaci\u00f3n y tu idioma preferido.<\/span><\/p><\/li><li data-start=\"1388\" data-end=\"1453\"><p data-start=\"1390\" data-end=\"1453\"><span style=\"color: #025385;\">Mejorar nuestras medidas de seguridad y detectar actividades fraudulentas.<\/span><\/p><\/li><li data-start=\"1454\" data-end=\"1592\"><p data-start=\"1456\" data-end=\"1592\"><span style=\"color: #025385;\">Analizar c\u00f3mo se accede y utiliza nuestra Plataforma, as\u00ed como su rendimiento, para mantener, operar y mejorar continuamente nuestros servicios.<\/span><\/p><\/li><li data-start=\"1593\" data-end=\"1690\"><p data-start=\"1595\" data-end=\"1690\"><span style=\"color: #025385;\">Proporcionarte anuncios relevantes ajustando los anuncios que ves y midiendo su eficacia.<\/span><\/p><\/li><\/ul><p data-start=\"1692\" data-end=\"1753\"><span style=\"color: #025385;\"><strong data-start=\"1692\" data-end=\"1751\">\u00bfQu\u00e9 tipos de cookies y otras tecnolog\u00edas utilizamos?<\/strong><\/span><\/p><p data-start=\"1755\" data-end=\"1828\"><span style=\"color: #025385;\">Nuestra Plataforma utiliza las siguientes categor\u00edas de cookies y tecnolog\u00edas:<\/span><\/p><ul data-start=\"1830\" data-end=\"2444\"><li data-start=\"1830\" data-end=\"2097\"><p data-start=\"1832\" data-end=\"2097\"><span style=\"color: #025385;\"><strong data-start=\"1832\" data-end=\"1853\">Cookies permanentes<\/strong> \u2013 almacenadas en tu navegador y utilizadas cada vez que visitas nuestra Plataforma. Nos permiten recordar tus ajustes y preferencias para que futuras visitas sean m\u00e1s c\u00f3modas. Por ejemplo, pueden mantener tu sesi\u00f3n iniciada y recordar tu idioma preferido.<\/span><\/p><\/li><li data-start=\"2098\" data-end=\"2297\"><p data-start=\"2100\" data-end=\"2297\"><span style=\"color: #025385;\"><strong data-start=\"2100\" data-end=\"2119\">Cookies de sesi\u00f3n<\/strong> \u2013 cookies temporales que permanecen en tu navegador hasta que abandonas la Plataforma. Nos ayudan a analizar los patrones de tr\u00e1fico, identificar problemas y ofrecer una mejor experiencia de navegaci\u00f3n.<\/span><\/p><\/li><li data-start=\"2298\" data-end=\"2444\"><p data-start=\"2300\" data-end=\"2444\"><span style=\"color: #025385;\"><strong data-start=\"2300\" data-end=\"2323\">Cookies de publicidad<\/strong> \u2013 nos ayudan a mostrar los anuncios m\u00e1s relevantes para ti, medir la efectividad de las campa\u00f1as y analizar tu interacci\u00f3n con los anuncios.<\/span><\/p><\/li><\/ul><p data-start=\"2446\" data-end=\"2594\"><span style=\"color: #025385;\">Tambi\u00e9n utilizamos <strong data-start=\"2458\" data-end=\"2473\">balizas web<\/strong> (im\u00e1genes gr\u00e1ficas peque\u00f1as, tambi\u00e9n conocidas como etiquetas de p\u00edxel o GIFs transparentes) junto con cookies para identificar a los usuarios y su comportamiento.<\/span><\/p><p data-start=\"2596\" data-end=\"2898\"><span style=\"color: #025385;\">Nuestra Plataforma puede contener enlaces a sitios web o aplicaciones de terceros, incluidos los de nuestros socios. Estos sitios web de terceros tambi\u00e9n pueden utilizar cookies. No controlamos estas cookies y no somos responsables de ellas. Por favor, revisa sus pol\u00edticas de cookies antes de utilizar dichos sitios web o aplicaciones.<\/span><\/p><p data-start=\"2900\" data-end=\"2938\"><span style=\"color: #025385;\"><strong data-start=\"2900\" data-end=\"2936\">Cookies y complementos de terceros<\/strong><\/span><\/p><p data-start=\"2940\" data-end=\"3393\"><span style=\"color: #025385;\">Dito pelo ChatGPT:\n\nTerceros, como redes publicitarias y proveedores de servicios externos (por ejemplo, an\u00e1lisis de tr\u00e1fico web), pueden utilizar cookies, balizas web, SDK u otras tecnolog\u00edas similares para recopilar informaci\u00f3n sobre tu visita a nuestra Plataforma. Esta informaci\u00f3n se utiliza para ofrecer publicidad m\u00e1s relevante en nuestra Plataforma o en otros sitios de Internet. No tenemos control sobre estas cookies de terceros, que est\u00e1n sujetas a las pol\u00edticas de privacidad y cookies de dichos terceros.<\/span><\/p><p data-start=\"3395\" data-end=\"3489\"><span style=\"color: #025385;\"><strong data-start=\"3395\" data-end=\"3487\">Los terceros autorizados a utilizar cookies u otras tecnolog\u00edas similares en nuestra Plataforma incluyen:<\/strong><\/span><\/p><ul data-start=\"3491\" data-end=\"3834\"><li data-start=\"3491\" data-end=\"3735\"><p data-start=\"3493\" data-end=\"3595\"><span style=\"color: #025385;\"><strong data-start=\"3493\" data-end=\"3521\">Socios de an\u00e1lisis de datos:<\/strong> Google Analytics, Facebook Analytics y otros. Para m\u00e1s informaci\u00f3n:<\/span><\/p><ul data-start=\"3598\" data-end=\"3735\"><li data-start=\"3598\" data-end=\"3671\"><p data-start=\"3600\" data-end=\"3671\"><span style=\"color: #025385;\"><a class=\"\" style=\"color: #025385;\" href=\"https:\/\/www.google.com\/policies\/technologies\/partner-sites\/\" target=\"_new\" rel=\"noopener\" data-start=\"3600\" data-end=\"3669\">Google<\/a><\/span><\/p><\/li><li data-start=\"3674\" data-end=\"3735\"><p data-start=\"3676\" data-end=\"3735\"><span style=\"color: #025385;\"><a class=\"\" style=\"color: #025385;\" href=\"https:\/\/www.facebook.com\/about\/privacy\/update\" target=\"_new\" rel=\"noopener\" data-start=\"3676\" data-end=\"3733\">Facebook<\/a><\/span><\/p><\/li><\/ul><\/li><li data-start=\"3736\" data-end=\"3834\"><p data-start=\"3738\" data-end=\"3834\"><span style=\"color: #025385;\"><strong data-start=\"3738\" data-end=\"3763\">Socios publicitarios:<\/strong> DoubleClick, Criteo, RTB House, Index Exchange, OpenX, entre otros.<\/span><\/p><\/li><\/ul><p data-start=\"3836\" data-end=\"3863\"><span style=\"color: #025385;\"><strong data-start=\"3836\" data-end=\"3861\">Third-party plug-ins:<\/strong><\/span><\/p><p data-start=\"3865\" data-end=\"4225\"><span style=\"color: #025385;\">Nuestra Plataforma tambi\u00e9n utiliza complementos de terceros, como los botones para compartir en Facebook, Twitter y WhatsApp. El uso de estos botones te permite compartir contenido mientras est\u00e1s conectado a esas plataformas. Estos terceros pueden vincular tus interacciones en nuestra Plataforma con tu cuenta en sus servicios. Por favor, lee sus pol\u00edticas de privacidad antes de utilizar los botones para compartir.<\/span><\/p><p data-start=\"4227\" data-end=\"4273\"><span style=\"color: #025385;\"><strong data-start=\"4227\" data-end=\"4271\">C\u00f3mo eliminar, desactivar o bloquear las cookies<\/strong><\/span><\/p><p data-start=\"4275\" data-end=\"4351\"><span style=\"color: #025385;\">Tu navegador te permite rechazar, eliminar o bloquear las cookies. Enlaces \u00fatiles:<\/span><\/p><ul data-start=\"4353\" data-end=\"4433\"><li data-start=\"4353\" data-end=\"4370\"><p data-start=\"4355\" data-end=\"4370\"><span style=\"color: #025385;\">Google Chrome<\/span><\/p><\/li><li data-start=\"4371\" data-end=\"4392\"><p data-start=\"4373\" data-end=\"4392\"><span style=\"color: #025385;\">Internet Explorer<\/span><\/p><\/li><li data-start=\"4393\" data-end=\"4412\"><p data-start=\"4395\" data-end=\"4412\"><span style=\"color: #025385;\">Mozilla Firefox<\/span><\/p><\/li><li data-start=\"4413\" data-end=\"4423\"><p data-start=\"4415\" data-end=\"4423\"><span style=\"color: #025385;\">Safari<\/span><\/p><\/li><li data-start=\"4424\" data-end=\"4433\"><p data-start=\"4426\" data-end=\"4433\"><span style=\"color: #025385;\">\u00d3pera<\/span><\/p><\/li><\/ul><p data-start=\"4435\" data-end=\"4539\"><span style=\"color: #025385;\">Puedes rechazar las cookies de terceros de Google Analytics a trav\u00e9s de <a class=\"\" style=\"color: #025385;\" href=\"https:\/\/adssettings.google.com\" target=\"_new\" rel=\"noopener\" data-start=\"4491\" data-end=\"4536\">configuraci\u00f3n de anuncios<\/a>.<\/span><\/p><p data-start=\"4541\" data-end=\"4631\"><span style=\"color: #025385;\">Puedes rechazar las cookies dirigidas basadas en intereses a trav\u00e9s de la Digital Advertising Alliance:<\/span><\/p><ul data-start=\"4632\" data-end=\"4824\"><li data-start=\"4632\" data-end=\"4688\"><p data-start=\"4634\" data-end=\"4688\"><span style=\"color: #025385;\"><a class=\"\" style=\"color: #025385;\" href=\"http:\/\/youradchoices.com\" target=\"_new\" rel=\"noopener\" data-start=\"4634\" data-end=\"4686\">http:\/\/youradchoices.com<\/a><\/span><\/p><\/li><li data-start=\"4689\" data-end=\"4761\"><p data-start=\"4691\" data-end=\"4761\"><span style=\"color: #025385;\"><a class=\"\" style=\"color: #025385;\" href=\"http:\/\/www.youronlinechoices.com\" target=\"_new\" rel=\"noopener\" data-start=\"4691\" data-end=\"4759\">http:\/\/www.youronlinechoices.com<\/a><\/span><\/p><\/li><li data-start=\"4762\" data-end=\"4824\"><p data-start=\"4764\" data-end=\"4824\"><span style=\"color: #025385;\"><a class=\"\" style=\"color: #025385;\" href=\"http:\/\/optout.aboutads.info\" target=\"_new\" rel=\"noopener\" data-start=\"4764\" data-end=\"4822\">http:\/\/optout.aboutads.info<\/a><\/span><\/p><\/li><\/ul><p data-start=\"4826\" data-end=\"4900\"><span style=\"color: #025385;\">Tambi\u00e9n puedes configurar tu dispositivo m\u00f3vil para controlar los anuncios basados en intereses.<\/span><\/p><p data-start=\"4902\" data-end=\"5048\"><span style=\"color: #025385;\">Ten en cuenta que bloquear las cookies en nuestra Plataforma puede impedir el acceso a partes o a la totalidad de nuestros servicios, incluidas las configuraciones personalizadas y el inicio de sesi\u00f3n.<\/span><\/p><p data-start=\"5050\" data-end=\"5063\"><span style=\"color: #025385;\"><strong data-start=\"5050\" data-end=\"5061\">Contacto<\/strong><\/span><\/p><p data-start=\"5065\" data-end=\"5163\"><span style=\"color: #025385;\">For more information or to exercise your rights, please contact us through our <strong data-start=\"5144\" data-end=\"5160\">Contact Form<\/strong>.<\/span><\/p><\/div>\n\t<\/div>\n\n\n\t\t\n\n<\/div>\n<\/div>\n\n\t<\/div>\n<\/section>\n\n<section class=\"sh-section sh-section-7b76ffd9993da64690d4b3ad1a090c0c fw-main-row sh-section-visibility-everywhere\">\n\t\n\t\n\t<div class=\"sh-section-container container-fluid\">\n\t\t\t<\/div>\n<\/section>\n<\/p>","protected":false},"excerpt":{"rendered":"<p>CHALLENGE CUP TOURNAMENTS COOKIE POLICY PLEASE READ THIS COOKIE POLICY AND OTHER SIMILAR TECHNOLOGIES CAREFULLY BEFORE USING THIS WEBSITE OR APPLICATIONWhat are cookies?Cookies are small text files containing letters and&#8230;<\/p>","protected":false},"author":4,"featured_media":0,"parent":0,"menu_order":0,"comment_status":"closed","ping_status":"closed","template":"","meta":{"_eb_attr":"","om_disable_all_campaigns":false,"_monsterinsights_skip_tracking":false,"_monsterinsights_sitenote_active":false,"_monsterinsights_sitenote_note":"","_monsterinsights_sitenote_category":0,"footnotes":""},"class_list":["post-1858","page","type-page","status-publish","hentry"],"aioseo_notices":[],"_links":{"self":[{"href":"https:\/\/challengecuptournaments.com\/es\/wp-json\/wp\/v2\/pages\/1858","targetHints":{"allow":["GET"]}}],"collection":[{"href":"https:\/\/challengecuptournaments.com\/es\/wp-json\/wp\/v2\/pages"}],"about":[{"href":"https:\/\/challengecuptournaments.com\/es\/wp-json\/wp\/v2\/types\/page"}],"author":[{"embeddable":true,"href":"https:\/\/challengecuptournaments.com\/es\/wp-json\/wp\/v2\/users\/4"}],"replies":[{"embeddable":true,"href":"https:\/\/challengecuptournaments.com\/es\/wp-json\/wp\/v2\/comments?post=1858"}],"version-history":[{"count":5,"href":"https:\/\/challengecuptournaments.com\/es\/wp-json\/wp\/v2\/pages\/1858\/revisions"}],"predecessor-version":[{"id":18541,"href":"https:\/\/challengecuptournaments.com\/es\/wp-json\/wp\/v2\/pages\/1858\/revisions\/18541"}],"wp:attachment":[{"href":"https:\/\/challengecuptournaments.com\/es\/wp-json\/wp\/v2\/media?parent=1858"}],"curies":[{"name":"gracias","href":"https:\/\/api.w.org\/{rel}","templated":true}]}}