{"id":2351,"date":"2019-07-24T02:57:09","date_gmt":"2019-07-24T02:57:09","guid":{"rendered":"https:\/\/challengecuptournaments.com\/?page_id=2351"},"modified":"2019-07-24T07:37:04","modified_gmt":"2019-07-24T07:37:04","slug":"pre-registration-handball-es","status":"publish","type":"page","link":"https:\/\/challengecuptournaments.com\/es\/pre-registration-handball-es\/","title":{"rendered":"Pre-registration Handball &#8211; ES"},"content":{"rendered":"<p>\n<section class=\"sh-section sh-section-d1ed6dbc09130afe8368e752cc9c53ba fw-main-row sh-section-visibility-everywhere\" id=\"program\">\n\t\n\t\n\t<div class=\"sh-section-container container\">\n\t\t<div class=\"fw-row\">\n\t\n<div class=\"sh-column sh-column-210f68abc56b3e217520a9acaad9d115 fw-col-xs-12\" >\n\n\t\n\t<div class=\"sh-column-wrapper\">\n\t\t\n<div class=\"sh-heading\" id=\"heading-4492183bc3e187441cc8924ec064a387\">\n\t<div class=\"sh-element-margin\">\n\n\t\t\n\t\t\t<h2 class=\"sh-heading-content size-m text-center\">\n\t\t\t\tPreinscripci\u00f3n\t\t\t<\/h2>\n\n\t\t\n\t<\/div>\n<\/div>\n\n<div class=\"sh-heading\" id=\"heading-6ebaed389cdbe3009de946a9f09cc4eb\">\n\t<div class=\"sh-element-margin\">\n\n\t\t\n\t\t\t<h1 class=\"sh-heading-content size-xxl text-center\">\n\t\t\t\tSiga las instrucciones a continuaci\u00f3n para programar una llamada con nuestro equipo\t\t\t<\/h1>\n\n\t\t\n\t<\/div>\n<\/div>\n\t<\/div>\n\n\n\t\t\n\n<\/div>\n<\/div>\n\n\t<\/div>\n<\/section>\n\n<section class=\"sh-section sh-section-78778c1345ed5b3c0f690e72677ea8d2 fw-main-row sh-section-visibility-everywhere\">\n\t\n\t\n\t<div class=\"sh-section-container container\">\n\t\t<div class=\"fw-row\">\n\t\n<div class=\"sh-column sh-column-e743ebfbf95a152cc809a549cf62a6e0 fw-col-xs-12\" >\n\n\t\n\t<div class=\"sh-column-wrapper\">\n\t\t<div class=\"sh-output-html\">\n\t<!-- Principio del widget integrado de Calendly -->\n<div class=\"calendly-inline-widget\" data-url=\"https:\/\/calendly.com\/challengecuptournaments\/challenge-cup-presentation-spanish\" style=\"min-width:320px;height:630px;\"><\/div>\n<script type=\"text\/javascript\" src=\"https:\/\/assets.calendly.com\/assets\/external\/widget.js\"><\/script>\n<!-- Final del widget integrado de Calendly --><\/div>\n\t<\/div>\n\n\n\t\t\n\n<\/div>\n<\/div>\n\n\t<\/div>\n<\/section>\n\n<section class=\"sh-section sh-section-8ef21018e2f3150d2a9b9ec90488f520 fw-main-row sh-section-visibility-everywhere\">\n\t\n\t\n\t<div class=\"sh-section-container container\">\n\t\t<div class=\"fw-row\">\n\t\n<div class=\"sh-column sh-column-1be2998ad614f6bdf3a7e924a5436b49 fw-col-xs-12 fw-col-sm-15\" >\n\n\t\n\t<div class=\"sh-column-wrapper\">\n\t\t\t<\/div>\n\n\n\t\t\n\n<\/div>\n\n<div class=\"sh-column sh-column-4c3630d03bbc790cf7a38e2af353cb52 fw-col-xs-12 fw-col-sm-15\" >\n\n\t\n\t<div class=\"sh-column-wrapper\">\n\t\t\n<div id=\"text-block-47f2c6b23c04bbe3a118efc79d68a467\" class=\"sh-text-block\">\n\t<p style=\"text-align: center;\"><a href=\"https:\/\/challengecuptournaments.com\/es\/cookie-policy\/\" target=\"_blank\" rel=\"noopener\"><span style=\"font-size: 16px; color: #ffffff;\">Pol\u00edtica de Cookies<\/span><\/a><\/p><\/div>\n\t<\/div>\n\n\n\t\t\n\n<\/div>\n\n<div class=\"sh-column sh-column-6452a2046460a7beea857e9c11e4010e fw-col-xs-12 fw-col-sm-15\" >\n\n\t\n\t<div class=\"sh-column-wrapper\">\n\t\t\n<div id=\"text-block-3b5d54501e6aa5ba5ff78672c8522b9e\" class=\"sh-text-block\">\n\t<p style=\"text-align: center;\"><a href=\"https:\/\/challengecuptournaments.com\/es\/privacy-policy\/\" target=\"_blank\" rel=\"noopener\"><span style=\"font-size: 16px; color: #ffffff;\">Pol\u00edtica de privacidad<\/span><\/a><\/p><\/div>\n\t<\/div>\n\n\n\t\t\n\n<\/div>\n\n<div class=\"sh-column sh-column-774db88048b065ab60428e9ddd534d92 fw-col-xs-12 fw-col-sm-15\" >\n\n\t\n\t<div class=\"sh-column-wrapper\">\n\t\t\n<div id=\"text-block-98ed8a0b2d7b6cd7c9a9032b50e51ad0\" class=\"sh-text-block\">\n\t<p style=\"text-align: center;\"><a href=\"https:\/\/challengecuptournaments.com\/es\/terms-of-service\/\" target=\"_blank\" rel=\"noopener\"><span style=\"font-size: 16px; color: #ffffff;\">T\u00e9rminos del servicio<\/span><\/a><\/p><\/div>\n\t<\/div>\n\n\n\t\t\n\n<\/div>\n\n<div class=\"sh-column sh-column-453696a148d798733e4be448a24792aa fw-col-xs-12 fw-col-sm-15\" >\n\n\t\n\t<div class=\"sh-column-wrapper\">\n\t\t\t<\/div>\n\n\n\t\t\n\n<\/div>\n<\/div>\n\n\t<\/div>\n<\/section>\n<\/p>","protected":false},"excerpt":{"rendered":"<p>Preinscripci\u00f3n Siga las instrucciones a continuaci\u00f3n para programar una llamada con nuestro equipo Pol\u00edtica de Cookies Pol\u00edtica de privacidad T\u00e9rminos del servicio<\/p>","protected":false},"author":4,"featured_media":0,"parent":0,"menu_order":0,"comment_status":"closed","ping_status":"closed","template":"","meta":{"_eb_attr":"","om_disable_all_campaigns":false,"_monsterinsights_skip_tracking":false,"_monsterinsights_sitenote_active":false,"_monsterinsights_sitenote_note":"","_monsterinsights_sitenote_category":0,"footnotes":""},"class_list":["post-2351","page","type-page","status-publish","hentry"],"aioseo_notices":[],"_links":{"self":[{"href":"https:\/\/challengecuptournaments.com\/es\/wp-json\/wp\/v2\/pages\/2351","targetHints":{"allow":["GET"]}}],"collection":[{"href":"https:\/\/challengecuptournaments.com\/es\/wp-json\/wp\/v2\/pages"}],"about":[{"href":"https:\/\/challengecuptournaments.com\/es\/wp-json\/wp\/v2\/types\/page"}],"author":[{"embeddable":true,"href":"https:\/\/challengecuptournaments.com\/es\/wp-json\/wp\/v2\/users\/4"}],"replies":[{"embeddable":true,"href":"https:\/\/challengecuptournaments.com\/es\/wp-json\/wp\/v2\/comments?post=2351"}],"version-history":[{"count":0,"href":"https:\/\/challengecuptournaments.com\/es\/wp-json\/wp\/v2\/pages\/2351\/revisions"}],"wp:attachment":[{"href":"https:\/\/challengecuptournaments.com\/es\/wp-json\/wp\/v2\/media?parent=2351"}],"curies":[{"name":"gracias","href":"https:\/\/api.w.org\/{rel}","templated":true}]}}