{"id":3696,"date":"2019-08-20T15:12:46","date_gmt":"2019-08-20T15:12:46","guid":{"rendered":"https:\/\/challengecuptournaments.com\/?page_id=3696"},"modified":"2019-08-25T08:32:39","modified_gmt":"2019-08-25T08:32:39","slug":"top-5-things-that-challenge-cup-participants-loved-most","status":"publish","type":"page","link":"https:\/\/challengecuptournaments.com\/es\/top-5-things-that-challenge-cup-participants-loved-most\/","title":{"rendered":"Las 5 cosas m\u00e1s populares entre los participantes de la Challenge Cup"},"content":{"rendered":"<p>\n<section class=\"sh-section sh-section-d1ed6dbc09130afe8368e752cc9c53ba fw-main-row sh-section-visibility-everywhere\" id=\"program\">\n\t\n\t\n\t<div class=\"sh-section-container container\">\n\t\t<div class=\"fw-row\">\n\t\n<div class=\"sh-column sh-column-210f68abc56b3e217520a9acaad9d115 fw-col-xs-12\" >\n\n\t\n\t<div class=\"sh-column-wrapper\">\n\t\t\n<div class=\"sh-heading\" id=\"heading-4492183bc3e187441cc8924ec064a387\">\n\t<div class=\"sh-element-margin\">\n\n\t\t\n\t\t\t<h2 class=\"sh-heading-content size-m text-center\">\n\t\t\t\tTorneos de la Copa Desaf\u00edo\t\t\t<\/h2>\n\n\t\t\n\t<\/div>\n<\/div>\n\n<div class=\"sh-heading\" id=\"heading-6ebaed389cdbe3009de946a9f09cc4eb\">\n\t<div class=\"sh-element-margin\">\n\n\t\t\n\t\t\t<h1 class=\"sh-heading-content size-xxl text-center\">\n\t\t\t\tLas 5 cosas que m\u00e1s les gustaron a los participantes de la Challenge Cup\t\t\t<\/h1>\n\n\t\t\n\t<\/div>\n<\/div>\n\t<\/div>\n\n\n\t\t\n\n<\/div>\n<\/div>\n\n\t<\/div>\n<\/section>\n\n<section class=\"sh-section sh-section-78778c1345ed5b3c0f690e72677ea8d2 fw-main-row sh-section-visibility-everywhere\">\n\t\n\t\n\t<div class=\"sh-section-container container\">\n\t\t<div class=\"fw-row\">\n\t\n<div class=\"sh-column sh-column-a6e5df3f47011f1f8dda368ee978d779 fw-col-xs-12\" >\n\n\t\n\t<div class=\"sh-column-wrapper\">\n\t\t\n<div id=\"text-block-4336d8a2b545e6a97619076664f8d5a8\" class=\"sh-text-block\">\n\t<p><span style=\"font-size: 18px; color: #333;\">Luego de recibir todas las consultas sobre Challenge Cup 2019, estas son las 5 cosas m\u00e1s votadas y que m\u00e1s gustaron a nuestros participantes.<\/span><\/p><p><strong><span style=\"font-size: 22px; color: #333;\">Ceremonia de apertura<\/span><\/strong><br \/><span style=\"font-size: 18px; color: #333;\">En la \u00faltima edici\u00f3n, recibimos en la playa \u201cPraia da Rocha\u201d a m\u00e1s de 3000 personas para un momento internacional \u00fanico con todos los participantes del torneo y sus familias.<\/span><\/p><p><strong><span style=\"font-size: 22px; color: #333;\">Parque acu\u00e1tico Slide &amp; Splash<\/span><\/strong><br \/><span style=\"font-size: 18px; color: #333;\">Todos los participantes de la Challenge Cup tienen entrada gratuita al parque acu\u00e1tico m\u00e1s grande de Portugal, Slide &amp; Splash en Lagoa. Miles de j\u00f3venes disfrutaron de esta incre\u00edble atracci\u00f3n.<\/span><\/p><p><strong><span style=\"font-size: 22px; color: #333;\">Alojamiento<\/span><\/strong><br \/><span style=\"font-size: 18px; color: #333;\">Challenge Cup tiene asociaciones con varios hoteles en Portim\u00e3o, Albufeira y Lagoa, lo que garantiza buenos hoteles a excelentes precios.<\/span><\/p><p><strong><span style=\"font-size: 22px; color: #333;\">Campos<\/span><\/strong><br \/><span style=\"font-size: 18px; color: #333;\">La regi\u00f3n del Algarve cuenta con m\u00e1s de 100 clubes de f\u00fatbol (algunos de ellos juegan actualmente en la primera y segunda divisi\u00f3n del f\u00fatbol portugues), que ofrecen buenas condiciones para los cientos de partidos que se juegan.<\/span><\/p><p><strong><span style=\"font-size: 22px; color: #333;\">Playas<\/span><\/strong><br \/><span style=\"font-size: 18px; color: #333;\">La regi\u00f3n del Algarve ha sido galardonada con el World Travel Award 6 veces en los \u00faltimos 8 a\u00f1os como el mejor destino de playa de Europa. M\u00e1s de 90 playas han sido galardonadas con la &quot;bandera azul&quot; y se consideran algunas de las m\u00e1s hermosas del mundo. <\/span><\/p><\/div>\n\t<\/div>\n\n\n\t\t\n\n<\/div>\n<\/div>\n\n\t<\/div>\n<\/section>\n\n<section class=\"sh-section sh-section-ad5e6df45e0dc3d783db805db2d3612c fw-main-row sh-section-visibility-everywhere\">\n\t\n\t\n\t<div class=\"sh-section-container container\">\n\t\t<div class=\"fw-row\">\n\t\n<div class=\"sh-column sh-column-a6e5df3f47011f1f8dda368ee978d779 fw-col-xs-12\" >\n\n\t\n\t<div class=\"sh-column-wrapper\">\n\t\t\n<div class=\"sh-heading\" id=\"heading-fd8267c5451aad43693de9205cc937bc\">\n\t<div class=\"sh-element-margin\">\n\n\t\t\n\t\t\t<h2 class=\"sh-heading-content size-xl text-center\">\n\t\t\t\tViaje a Algarve con tarifa regular, Challenge Cup es gratis\t\t\t<\/h2>\n\n\t\t\n\t<\/div>\n<\/div>\n\t<\/div>\n\n\n\t\t\n\n<\/div>\n<\/div>\n\n<div class=\"fw-row\">\n\t\n<div class=\"sh-column sh-column-a6e5df3f47011f1f8dda368ee978d779 fw-col-xs-12\" >\n\n\t\n\t<div class=\"sh-column-wrapper\">\n\t\t\n<div id=\"text-block-d7b6252f2c40a0dfe51ee742b36846df\" class=\"sh-text-block\">\n\t<p><center><span style=\"font-size: 22px;\">\u00danete a los 200 equipos que jugar\u00e1n esta copa internacional juvenil de forma gratuita y disfruta de la maravillosa regi\u00f3n del Algarve.<\/span><\/center><\/p><\/div>\n\t<\/div>\n\n\n\t\t\n\n<\/div>\n<\/div>\n\n<div class=\"fw-row\">\n\t\n<div class=\"sh-column sh-column-a6e5df3f47011f1f8dda368ee978d779 fw-col-xs-12\" >\n\n\t\n\t<div class=\"sh-column-wrapper\">\n\t\t\n<div id=\"button-998cd85efd6fa5291cf3a254c95ab272\" class=\"sh-button-container  sh-button-style-2\">\n\t<div class=\"sh-element-margin\">\n\t\t<a href=\"https:\/\/challengecuptournaments.com\/es\/video-form\/\" target=\"_self\" class=\"sh-button sh-button-xlarge sh-button-icon-left\">\n\n\t\t\t\t\t\t\t<span class=\"sh-button-icon\">\n\t\t\t\t\t<i class=\"ti-arrow-circle-right\"><\/i>\n\t\t\t\t<\/span>\n\t\t\t\n\t\t\t\t\t\t\t<span class=\"sh-button-text\">\n\t\t\t\t\tVea nuestro video y programe una llamada con nuestro equipo\t\t\t\t<\/span>\n\t\t\t\n\t\t\t\n\t\t<\/a>\n\t\t\t<\/div>\n<\/div>\n\t<\/div>\n\n\n\t\t\n\n<\/div>\n<\/div>\n\n\t<\/div>\n<\/section>\n\n<section class=\"sh-section sh-section-8ef21018e2f3150d2a9b9ec90488f520 fw-main-row sh-section-visibility-everywhere\">\n\t\n\t\n\t<div class=\"sh-section-container container\">\n\t\t<div class=\"fw-row\">\n\t\n<div class=\"sh-column sh-column-1be2998ad614f6bdf3a7e924a5436b49 fw-col-xs-12 fw-col-sm-15\" >\n\n\t\n\t<div class=\"sh-column-wrapper\">\n\t\t\t<\/div>\n\n\n\t\t\n\n<\/div>\n\n<div class=\"sh-column sh-column-4c3630d03bbc790cf7a38e2af353cb52 fw-col-xs-12 fw-col-sm-15\" >\n\n\t\n\t<div class=\"sh-column-wrapper\">\n\t\t\n<div id=\"text-block-47f2c6b23c04bbe3a118efc79d68a467\" class=\"sh-text-block\">\n\t<p style=\"text-align: center;\"><a href=\"https:\/\/challengecuptournaments.com\/es\/cookie-policy\/\" target=\"_blank\" rel=\"noopener\"><span style=\"font-size: 16px; color: #ffffff;\">Pol\u00edtica de Cookies<\/span><\/a><\/p><\/div>\n\t<\/div>\n\n\n\t\t\n\n<\/div>\n\n<div class=\"sh-column sh-column-6452a2046460a7beea857e9c11e4010e fw-col-xs-12 fw-col-sm-15\" >\n\n\t\n\t<div class=\"sh-column-wrapper\">\n\t\t\n<div id=\"text-block-3b5d54501e6aa5ba5ff78672c8522b9e\" class=\"sh-text-block\">\n\t<p style=\"text-align: center;\"><a href=\"https:\/\/challengecuptournaments.com\/es\/privacy-policy\/\" target=\"_blank\" rel=\"noopener\"><span style=\"font-size: 16px; color: #ffffff;\">Pol\u00edtica de Privacidad<\/span><\/a><\/p><\/div>\n\t<\/div>\n\n\n\t\t\n\n<\/div>\n\n<div class=\"sh-column sh-column-774db88048b065ab60428e9ddd534d92 fw-col-xs-12 fw-col-sm-15\" >\n\n\t\n\t<div class=\"sh-column-wrapper\">\n\t\t\n<div id=\"text-block-98ed8a0b2d7b6cd7c9a9032b50e51ad0\" class=\"sh-text-block\">\n\t<p style=\"text-align: center;\"><a href=\"https:\/\/challengecuptournaments.com\/es\/terms-of-service\/\" target=\"_blank\" rel=\"noopener\"><span style=\"font-size: 16px; color: #ffffff;\">T\u00e9rminos de servicio<\/span><\/a><\/p><\/div>\n\t<\/div>\n\n\n\t\t\n\n<\/div>\n\n<div class=\"sh-column sh-column-453696a148d798733e4be448a24792aa fw-col-xs-12 fw-col-sm-15\" >\n\n\t\n\t<div class=\"sh-column-wrapper\">\n\t\t\t<\/div>\n\n\n\t\t\n\n<\/div>\n<\/div>\n\n\t<\/div>\n<\/section>\n<\/p>","protected":false},"excerpt":{"rendered":"<p>Torneos Challenge Cup Las 5 cosas que m\u00e1s gustaron a los participantes de Challenge Cup Despu\u00e9s de recibir todas las consultas sobre Challenge Cup 2019, estas son las 5 cosas m\u00e1s votadas que\u2026<\/p>","protected":false},"author":4,"featured_media":0,"parent":0,"menu_order":0,"comment_status":"closed","ping_status":"closed","template":"","meta":{"_eb_attr":"","om_disable_all_campaigns":false,"_monsterinsights_skip_tracking":false,"_monsterinsights_sitenote_active":false,"_monsterinsights_sitenote_note":"","_monsterinsights_sitenote_category":0,"footnotes":""},"class_list":["post-3696","page","type-page","status-publish","hentry"],"aioseo_notices":[],"_links":{"self":[{"href":"https:\/\/challengecuptournaments.com\/es\/wp-json\/wp\/v2\/pages\/3696","targetHints":{"allow":["GET"]}}],"collection":[{"href":"https:\/\/challengecuptournaments.com\/es\/wp-json\/wp\/v2\/pages"}],"about":[{"href":"https:\/\/challengecuptournaments.com\/es\/wp-json\/wp\/v2\/types\/page"}],"author":[{"embeddable":true,"href":"https:\/\/challengecuptournaments.com\/es\/wp-json\/wp\/v2\/users\/4"}],"replies":[{"embeddable":true,"href":"https:\/\/challengecuptournaments.com\/es\/wp-json\/wp\/v2\/comments?post=3696"}],"version-history":[{"count":3,"href":"https:\/\/challengecuptournaments.com\/es\/wp-json\/wp\/v2\/pages\/3696\/revisions"}],"predecessor-version":[{"id":3798,"href":"https:\/\/challengecuptournaments.com\/es\/wp-json\/wp\/v2\/pages\/3696\/revisions\/3798"}],"wp:attachment":[{"href":"https:\/\/challengecuptournaments.com\/es\/wp-json\/wp\/v2\/media?parent=3696"}],"curies":[{"name":"gracias","href":"https:\/\/api.w.org\/{rel}","templated":true}]}}