{"id":2324,"date":"2019-07-24T01:44:44","date_gmt":"2019-07-24T01:44:44","guid":{"rendered":"https:\/\/challengecuptournaments.com\/?page_id=2324"},"modified":"2025-08-17T20:52:14","modified_gmt":"2025-08-17T20:52:14","slug":"pre-registration-football-pt","status":"publish","type":"page","link":"https:\/\/challengecuptournaments.com\/pt\/pre-registration-football-pt\/","title":{"rendered":"Pr\u00e9-inscri\u00e7\u00e3o Futebol \u2013 PT"},"content":{"rendered":"<p>\n<section class=\"sh-section sh-section-d1ed6dbc09130afe8368e752cc9c53ba fw-main-row sh-section-visibility-everywhere\" id=\"program\">\n\t\n\t\n\t<div class=\"sh-section-container container\">\n\t\t<div class=\"fw-row\">\n\t\n<div class=\"sh-column sh-column-210f68abc56b3e217520a9acaad9d115 fw-col-xs-12\" >\n\n\t\n\t<div class=\"sh-column-wrapper\">\n\t\t\n<div class=\"sh-heading  \" id=\"heading-4492183bc3e187441cc8924ec064a387\">\n\t<div class=\"sh-element-margin\">\n\n\t\t\n\t\t\t<h2 class=\"sh-heading-content size-m text-center\">\n\t\t\t\tPr\u00e9-registo\t\t\t<\/h2>\n\n\t\t\n\t<\/div>\n<\/div>\n\n<div class=\"sh-heading  \" id=\"heading-6ebaed389cdbe3009de946a9f09cc4eb\">\n\t<div class=\"sh-element-margin\">\n\n\t\t\n\t\t\t<h1 class=\"sh-heading-content size-xxl text-center\">\n\t\t\t\tSiga as instru\u00e7\u00f5es para que a nossa equipa o possa contactar\t\t\t<\/h1>\n\n\t\t\n\t<\/div>\n<\/div>\n\t<\/div>\n\n\n\t\t\n\n<\/div>\n<\/div>\n\n\t<\/div>\n<\/section>\n\n<section class=\"sh-section sh-section-78778c1345ed5b3c0f690e72677ea8d2 fw-main-row sh-section-visibility-everywhere\">\n\t\n\t\n\t<div class=\"sh-section-container container\">\n\t\t<div class=\"fw-row\">\n\t\n<div class=\"sh-column sh-column-49ecc1a3e3d9bb06cccc60555b0dcbe0 fw-col-xs-12\" >\n\n\t\n\t<div class=\"sh-column-wrapper\">\n\t\t<div class=\"sh-output-html\">\n\t<!-- Principio del widget integrado de Calendly -->\n<div class=\"calendly-inline-widget\" data-url=\"https:\/\/calendly.com\/challengecuptournaments\/challenge-cup-presentacion-pt\" style=\"min-width:320px;height:630px;\"><\/div>\n<script type=\"text\/javascript\" src=\"https:\/\/assets.calendly.com\/assets\/external\/widget.js\"><\/script>\n<!-- Final del widget integrado de Calendly --><\/div>\n\t<\/div>\n\n\n\t\t\n\n<\/div>\n<\/div>\n\n\t<\/div>\n<\/section>\n\n<section class=\"sh-section sh-section-8ef21018e2f3150d2a9b9ec90488f520 fw-main-row sh-section-visibility-everywhere\">\n\t\n\t\n\t<div class=\"sh-section-container container\">\n\t\t<div class=\"fw-row\">\n\t\n<div class=\"sh-column sh-column-1be2998ad614f6bdf3a7e924a5436b49 fw-col-xs-12 fw-col-sm-15\" >\n\n\t\n\t<div class=\"sh-column-wrapper\">\n\t\t\t<\/div>\n\n\n\t\t\n\n<\/div>\n\n<div class=\"sh-column sh-column-4c3630d03bbc790cf7a38e2af353cb52 fw-col-xs-12 fw-col-sm-15\" >\n\n\t\n\t<div class=\"sh-column-wrapper\">\n\t\t\n<div id=\"text-block-47f2c6b23c04bbe3a118efc79d68a467\" class=\"sh-text-block\">\n\t<p style=\"text-align: center;\"><a href=\"https:\/\/challengecuptournaments.com\/cookie-policy\/\" target=\"_blank\" rel=\"noopener\"><span style=\"font-size: 16px; color: #ffffff;\">Pol\u00edtica de Cookies<\/span><\/a><\/p><\/div>\n\t<\/div>\n\n\n\t\t\n\n<\/div>\n\n<div class=\"sh-column sh-column-6452a2046460a7beea857e9c11e4010e fw-col-xs-12 fw-col-sm-15\" >\n\n\t\n\t<div class=\"sh-column-wrapper\">\n\t\t\n<div id=\"text-block-3b5d54501e6aa5ba5ff78672c8522b9e\" class=\"sh-text-block\">\n\t<p style=\"text-align: center;\"><a href=\"https:\/\/challengecuptournaments.com\/privacy-policy\/\" target=\"_blank\" rel=\"noopener\"><span style=\"font-size: 16px; color: #ffffff;\">Pol\u00edtica de Privacidade<\/span><\/a><\/p><\/div>\n\t<\/div>\n\n\n\t\t\n\n<\/div>\n\n<div class=\"sh-column sh-column-774db88048b065ab60428e9ddd534d92 fw-col-xs-12 fw-col-sm-15\" >\n\n\t\n\t<div class=\"sh-column-wrapper\">\n\t\t\n<div id=\"text-block-98ed8a0b2d7b6cd7c9a9032b50e51ad0\" class=\"sh-text-block\">\n\t<p style=\"text-align: center;\"><a href=\"https:\/\/challengecuptournaments.com\/terms-of-service\/\" target=\"_blank\" rel=\"noopener\"><span style=\"font-size: 16px; color: #ffffff;\">Termos do Servi\u00e7o<\/span><\/a><\/p><\/div>\n\t<\/div>\n\n\n\t\t\n\n<\/div>\n\n<div class=\"sh-column sh-column-453696a148d798733e4be448a24792aa fw-col-xs-12 fw-col-sm-15\" >\n\n\t\n\t<div class=\"sh-column-wrapper\">\n\t\t\t<\/div>\n\n\n\t\t\n\n<\/div>\n<\/div>\n\n\t<\/div>\n<\/section>\n\n<section class=\"sh-section sh-section-02787aa3098bbd5c1ce196fbc178c70c fw-main-row sh-section-visibility-everywhere\">\n\t\n\t\n\t<div class=\"sh-section-container container\">\n\t\t<div class=\"fw-row\">\n\t\n<div class=\"sh-column sh-column-98cfd7089d0c52941111d82948a68f33 fw-col-xs-12\" >\n\n\t\n\t<div class=\"sh-column-wrapper\">\n\t\t\n<div class=\"sh-heading  \" id=\"heading-c1bc347633ee7eb7632cdb501121ecb5\">\n\t<div class=\"sh-element-margin\">\n\n\t\t\n\t\t\t<h1 class=\"sh-heading-content size-l text-center\">\n\t\t\t\tBE PART OF THE BIGGEST YOUTH FOOTBALL TOURNAMENTS\t\t\t<\/h1>\n\n\t\t\n\t<\/div>\n<\/div>\n\n<div class=\"sh-empty-space\" id=\"empty-space-3887931454b7178f7acef4f7df00ea25\"><\/div>\n\n<div id=\"text-block-7074e770b983c68a69e937bf49842bdb\" class=\"sh-text-block\">\n\t<p style=\"text-align: center;\"><span style=\"color: #025385;\">The Challenge Cup is coming, and we\u2019re looking for passionate, energetic volunteers to help bring one of the biggest youth football tournaments to life.<\/span><\/p><article class=\"text-token-text-primary w-full focus:outline-none scroll-mt-[calc(var(--header-height)+min(200px,max(70px,20svh)))]\" dir=\"auto\" tabindex=\"-1\" data-turn-id=\"request-689e7e2a-8f14-832b-be97-43b9be783666-37\" data-testid=\"conversation-turn-126\" data-scroll-anchor=\"true\" data-turn=\"assistant\"><div class=\"text-base my-auto mx-auto pb-10 [--thread-content-margin:--spacing(4)] @[37rem]:[--thread-content-margin:--spacing(6)] @[72rem]:[--thread-content-margin:--spacing(16)] px-(--thread-content-margin)\"><div class=\"[--thread-content-max-width:32rem] @[34rem]:[--thread-content-max-width:40rem] @[64rem]:[--thread-content-max-width:48rem] mx-auto max-w-(--thread-content-max-width) flex-1 group\/turn-messages focus-visible:outline-hidden relative flex w-full min-w-0 flex-col agent-turn\" tabindex=\"-1\"><div class=\"flex max-w-full flex-col grow\"><div class=\"min-h-8 text-message relative flex w-full flex-col items-end gap-2 text-start break-words whitespace-normal [.text-message+&amp;]:mt-5\" dir=\"auto\" data-message-author-role=\"assistant\" data-message-id=\"821484d8-6059-4eda-b946-d10e1fb974f0\" data-message-model-slug=\"gpt-5\"><div class=\"flex w-full flex-col gap-1 empty:hidden first:pt-[3px]\"><div class=\"markdown prose dark:prose-invert w-full break-words dark markdown-new-styling\"><p style=\"text-align: center;\" data-start=\"0\" data-end=\"330\"><span style=\"color: #025385;\">Challenge Cup volunteers will be part of a unique team, uniting players, clubs, and fans from around the world in two exciting events: Paredes (Easter) and Algarve (Summer).<\/span><\/p><p style=\"text-align: center;\" data-start=\"332\" data-end=\"425\"><span style=\"color: #025385;\">Are you ready to join the community behind the world\u2019s most promising young football stars?<\/span><\/p><p style=\"text-align: center;\" data-start=\"427\" data-end=\"482\" data-is-last-node=\"\" data-is-only-node=\"\"><span style=\"color: #025385;\">Play your part in the beautiful game and apply today.<\/span><\/p><\/div><\/div><\/div><\/div><\/div><\/div><\/article><\/div>\n\n<div class=\"sh-empty-space\" id=\"empty-space-21f2fd9c51032475b3bef99b96365fc5\"><\/div>\n\n<div id=\"button-2bd37b64c6c0d9834eeaf4484da9365e\" class=\"sh-button-container  sh-button-style-1\">\n\t<div class=\"sh-element-margin\">\n\t\t<a href=\"https:\/\/challengecuptournaments.com\/apply-to-volunteer\/\" target=\"_self\" class=\"sh-button sh-button-large \">\n\n\t\t\t\n\t\t\t\t\t\t\t<span class=\"sh-button-text\">\n\t\t\t\t\tJOIN US\t\t\t\t<\/span>\n\t\t\t\n\t\t\t\n\t\t<\/a>\n\t\t\t<\/div>\n<\/div>\n\t<\/div>\n\n\n\t\t\n\n<\/div>\n<\/div>\n\n\t<\/div>\n<\/section>\n<\/p>\n","protected":false},"excerpt":{"rendered":"<p>Pr\u00e9-registo Siga as instru\u00e7\u00f5es para que a nossa equipa o possa contactar Pol\u00edtica de Cookies Pol\u00edtica de Privacidade Termos do Servi\u00e7o BE PART OF THE BIGGEST YOUTH FOOTBALL TOURNAMENTS The&#8230;<\/p>","protected":false},"author":4,"featured_media":0,"parent":0,"menu_order":0,"comment_status":"closed","ping_status":"closed","template":"","meta":{"_eb_attr":"","om_disable_all_campaigns":false,"_monsterinsights_skip_tracking":false,"_monsterinsights_sitenote_active":false,"_monsterinsights_sitenote_note":"","_monsterinsights_sitenote_category":0,"footnotes":""},"class_list":["post-2324","page","type-page","status-publish","hentry"],"aioseo_notices":[],"_links":{"self":[{"href":"https:\/\/challengecuptournaments.com\/pt\/wp-json\/wp\/v2\/pages\/2324","targetHints":{"allow":["GET"]}}],"collection":[{"href":"https:\/\/challengecuptournaments.com\/pt\/wp-json\/wp\/v2\/pages"}],"about":[{"href":"https:\/\/challengecuptournaments.com\/pt\/wp-json\/wp\/v2\/types\/page"}],"author":[{"embeddable":true,"href":"https:\/\/challengecuptournaments.com\/pt\/wp-json\/wp\/v2\/users\/4"}],"replies":[{"embeddable":true,"href":"https:\/\/challengecuptournaments.com\/pt\/wp-json\/wp\/v2\/comments?post=2324"}],"version-history":[{"count":2,"href":"https:\/\/challengecuptournaments.com\/pt\/wp-json\/wp\/v2\/pages\/2324\/revisions"}],"predecessor-version":[{"id":18431,"href":"https:\/\/challengecuptournaments.com\/pt\/wp-json\/wp\/v2\/pages\/2324\/revisions\/18431"}],"wp:attachment":[{"href":"https:\/\/challengecuptournaments.com\/pt\/wp-json\/wp\/v2\/media?parent=2324"}],"curies":[{"name":"wp","href":"https:\/\/api.w.org\/{rel}","templated":true}]}}