{"id":3666,"date":"2019-08-20T11:01:30","date_gmt":"2019-08-20T11:01:30","guid":{"rendered":"https:\/\/challengecuptournaments.com\/?page_id=3666"},"modified":"2020-01-30T15:58:42","modified_gmt":"2020-01-30T15:58:42","slug":"video-en","status":"publish","type":"page","link":"https:\/\/challengecuptournaments.com\/pt\/video-en\/","title":{"rendered":"Viaja para o Algarve pelo pre\u00e7o normal, o Challenge Cup \u00e9 gratuito."},"content":{"rendered":"<p>\n<section class=\"sh-section sh-section-d1ed6dbc09130afe8368e752cc9c53ba fw-main-row sh-section-visibility-desktop\" id=\"program\">\n\t\n\t\n\t<div class=\"sh-section-container container\">\n\t\t<div class=\"fw-row\">\n\t\n<div class=\"sh-column sh-column-210f68abc56b3e217520a9acaad9d115 fw-col-xs-12\" >\n\n\t\n\t<div class=\"sh-column-wrapper\">\n\t\t\n<div class=\"sh-heading\" id=\"heading-4492183bc3e187441cc8924ec064a387\">\n\t<div class=\"sh-element-margin\">\n\n\t\t\n\t\t\t<h2 class=\"sh-heading-content size-m text-center\">\n\t\t\t\tTorneios da Copa Desafio\t\t\t<\/h2>\n\n\t\t\n\t<\/div>\n<\/div>\n\n<div class=\"sh-heading\" id=\"heading-6ebaed389cdbe3009de946a9f09cc4eb\">\n\t<div class=\"sh-element-margin\">\n\n\t\t\n\t\t\t<h1 class=\"sh-heading-content size-xxl text-center\">\n\t\t\t\tViaja para o Algarve pelo pre\u00e7o normal, o Challenge Cup \u00e9 gratuito.\t\t\t<\/h1>\n\n\t\t\n\t<\/div>\n<\/div>\n\t<\/div>\n\n\n\t\t\n\n<\/div>\n<\/div>\n\n\t<\/div>\n<\/section>\n\n<section class=\"sh-section sh-section-d02240b68d091e88a729d5bd52504ec2 fw-main-row sh-section-visibility-mobile\" id=\"program\">\n\t\n\t\n\t<div class=\"sh-section-container container\">\n\t\t<div class=\"fw-row\">\n\t\n<div class=\"sh-column sh-column-dc06359a83a9ddbd0a24a8f735d095a2 fw-col-xs-12\" >\n\n\t\n\t<div class=\"sh-column-wrapper\">\n\t\t\n<div class=\"sh-heading\" id=\"heading-a6de604fded911c1e3bf884a86f40228\">\n\t<div class=\"sh-element-margin\">\n\n\t\t\n\t\t\t<h2 class=\"sh-heading-content size-m text-center\">\n\t\t\t\tTorneios da Copa Desafio\t\t\t<\/h2>\n\n\t\t\n\t<\/div>\n<\/div>\n\n<div class=\"sh-heading\" id=\"heading-763bfd450e5d43b02e25c79e955ee049\">\n\t<div class=\"sh-element-margin\">\n\n\t\t\n\t\t\t<h1 class=\"sh-heading-content size-xxl text-center\">\n\t\t\t\tViaja para o Algarve pelo pre\u00e7o normal, o Challenge Cup \u00e9 gratuito.\t\t\t<\/h1>\n\n\t\t\n\t<\/div>\n<\/div>\n\t<\/div>\n\n\n\t\t\n\n<\/div>\n<\/div>\n\n\t<\/div>\n<\/section>\n\n<section class=\"sh-section sh-section-78778c1345ed5b3c0f690e72677ea8d2 fw-main-row sh-section-visibility-desktop\">\n\t\n\t\n\t<div class=\"sh-section-container container-fluid\">\n\t\t<div class=\"fw-row\">\n\t\n<div class=\"sh-column sh-column-8ac1bf2082a02f03add75379420e710a fw-col-xs-12 fw-col-sm-6\" >\n\n\t\n\t<div class=\"sh-column-wrapper\">\n\t\t<div class=\"sh-output-html\">\n\t<video autoplay width=\"100%\">\n    <source src=\"https:\/\/challengecuptournaments.com\/wp-content\/uploads\/2019\/08\/video-test.m4v\" type=\"video\/mp4\"><\/video><\/div>\n\t<\/div>\n\n\n\t\t\n\n<\/div>\n\n<div class=\"sh-column sh-column-98cfd7089d0c52941111d82948a68f33 fw-col-xs-12 fw-col-sm-6\" >\n\n\t\n\t<div class=\"sh-column-wrapper\">\n\t\t\n<div id=\"text-block-6854bda1998aa0edb9b48390671fe43c\" class=\"sh-text-block\">\n\t<p><center><span style=\"font-size: 24px;\"><b>Agenda uma chamada com a nossa equipa e esclarece as tuas d\u00favidas sobre a participa\u00e7\u00e3o nos torneios. Entraremos em contacto contigo no dia\/hora que escolheres.<\/b><\/span><\/center><\/p><\/div>\n\n<div id=\"button-998cd85efd6fa5291cf3a254c95ab272\" class=\"sh-button-container  sh-button-style-1\">\n\t<div class=\"sh-element-margin\">\n\t\t<a href=\"https:\/\/challengecuptournaments.com\/pt\/pre-registration-football-en\/\" target=\"_self\" class=\"sh-button sh-button-xlarge sh-button-icon-left\">\n\n\t\t\t\t\t\t\t<span class=\"sh-button-icon\">\n\t\t\t\t\t<i class=\"ti-arrow-circle-right\"><\/i>\n\t\t\t\t<\/span>\n\t\t\t\n\t\t\t\t\t\t\t<span class=\"sh-button-text\">\n\t\t\t\t\tAgende uma liga\u00e7\u00e3o em ingl\u00eas\t\t\t\t<\/span>\n\t\t\t\n\t\t\t\n\t\t<\/a>\n\t\t\t<\/div>\n<\/div>\n\n<div id=\"button-9e92231118bc2e078a47ccee78ccd5bc\" class=\"sh-button-container  sh-button-style-1\">\n\t<div class=\"sh-element-margin\">\n\t\t<a href=\"https:\/\/challengecuptournaments.com\/pt\/pre-registration-football-pt\/\" target=\"_self\" class=\"sh-button sh-button-xlarge sh-button-icon-left\">\n\n\t\t\t\t\t\t\t<span class=\"sh-button-icon\">\n\t\t\t\t\t<i class=\"ti-arrow-circle-right\"><\/i>\n\t\t\t\t<\/span>\n\t\t\t\n\t\t\t\t\t\t\t<span class=\"sh-button-text\">\n\t\t\t\t\tAgendar uma chamada em Portugu\u00eas\t\t\t\t<\/span>\n\t\t\t\n\t\t\t\n\t\t<\/a>\n\t\t\t<\/div>\n<\/div>\n\n<div id=\"button-443cb7d84783d05dab9fa6f600b38e78\" class=\"sh-button-container  sh-button-style-1\">\n\t<div class=\"sh-element-margin\">\n\t\t<a href=\"https:\/\/challengecuptournaments.com\/pt\/pre-registration-football-es\/\" target=\"_self\" class=\"sh-button sh-button-xlarge sh-button-icon-left\">\n\n\t\t\t\t\t\t\t<span class=\"sh-button-icon\">\n\t\t\t\t\t<i class=\"ti-arrow-circle-right\"><\/i>\n\t\t\t\t<\/span>\n\t\t\t\n\t\t\t\t\t\t\t<span class=\"sh-button-text\">\n\t\t\t\t\tProgramar uma chamada em espanhol\t\t\t\t<\/span>\n\t\t\t\n\t\t\t\n\t\t<\/a>\n\t\t\t<\/div>\n<\/div>\n\t<\/div>\n\n\n\t\t\n\n<\/div>\n<\/div>\n\n\t<\/div>\n<\/section>\n\n<section class=\"sh-section sh-section-2e96ad2dd17b3c821cf23cc5b2284658 fw-main-row sh-section-visibility-mobile\">\n\t\n\t\n\t<div class=\"sh-section-container container-fluid\">\n\t\t<div class=\"fw-row\">\n\t\n<div class=\"sh-column sh-column-2b07de1a6427794a24595c20263e29c2 fw-col-xs-12 fw-col-sm-6\" >\n\n\t\n\t<div class=\"sh-column-wrapper\">\n\t\t<div class=\"sh-output-html\">\n\t<video autoplay width=\"100%\">\n    <source src=\"https:\/\/challengecuptournaments.com\/wp-content\/uploads\/2019\/08\/video-test.m4v\" type=\"video\/mp4\"><\/video><\/div>\n\t<\/div>\n\n\n\t\t\n\n<\/div>\n\n<div class=\"sh-column sh-column-8b4a03aa87ec2434f33e06190c08bd89 fw-col-xs-12 fw-col-sm-6\" >\n\n\t\n\t<div class=\"sh-column-wrapper\">\n\t\t\n<div id=\"text-block-e541fc118b92121d78059d268ce8f62d\" class=\"sh-text-block\">\n\t<p><center><span style=\"font-size: 24px;\"><b>Agenda uma chamada com a nossa equipa e esclarece as tuas d\u00favidas sobre a participa\u00e7\u00e3o nos torneios. Entraremos em contacto contigo no dia\/hora que escolheres.<\/b><\/span><\/center><\/p><\/div>\n\n<div id=\"button-ef8da57066bcf831963e118d83c7b2e7\" class=\"sh-button-container  sh-button-style-1\">\n\t<div class=\"sh-element-margin\">\n\t\t<a href=\"https:\/\/challengecuptournaments.com\/pt\/pre-registration-football-en\/\" target=\"_self\" class=\"sh-button sh-button-xlarge sh-button-icon-left\">\n\n\t\t\t\t\t\t\t<span class=\"sh-button-icon\">\n\t\t\t\t\t<i class=\"ti-arrow-circle-right\"><\/i>\n\t\t\t\t<\/span>\n\t\t\t\n\t\t\t\t\t\t\t<span class=\"sh-button-text\">\n\t\t\t\t\tAgende uma liga\u00e7\u00e3o em ingl\u00eas\t\t\t\t<\/span>\n\t\t\t\n\t\t\t\n\t\t<\/a>\n\t\t\t<\/div>\n<\/div>\n\n<div id=\"button-1f1203539b6e91e876de34af5d22c13a\" class=\"sh-button-container  sh-button-style-1\">\n\t<div class=\"sh-element-margin\">\n\t\t<a href=\"https:\/\/challengecuptournaments.com\/pt\/pre-registration-football-pt\/\" target=\"_self\" class=\"sh-button sh-button-xlarge sh-button-icon-left\">\n\n\t\t\t\t\t\t\t<span class=\"sh-button-icon\">\n\t\t\t\t\t<i class=\"ti-arrow-circle-right\"><\/i>\n\t\t\t\t<\/span>\n\t\t\t\n\t\t\t\t\t\t\t<span class=\"sh-button-text\">\n\t\t\t\t\tAgendar chamada em Portugu\u00eas\t\t\t\t<\/span>\n\t\t\t\n\t\t\t\n\t\t<\/a>\n\t\t\t<\/div>\n<\/div>\n\n<div id=\"button-0cfe3230791927d5b10fe3efd88d4a39\" class=\"sh-button-container  sh-button-style-1\">\n\t<div class=\"sh-element-margin\">\n\t\t<a href=\"https:\/\/challengecuptournaments.com\/pt\/pre-registration-football-es\/\" target=\"_self\" class=\"sh-button sh-button-xlarge sh-button-icon-left\">\n\n\t\t\t\t\t\t\t<span class=\"sh-button-icon\">\n\t\t\t\t\t<i class=\"ti-arrow-circle-right\"><\/i>\n\t\t\t\t<\/span>\n\t\t\t\n\t\t\t\t\t\t\t<span class=\"sh-button-text\">\n\t\t\t\t\tProgramar uma chamada em espanhol\t\t\t\t<\/span>\n\t\t\t\n\t\t\t\n\t\t<\/a>\n\t\t\t<\/div>\n<\/div>\n\t<\/div>\n\n\n\t\t\n\n<\/div>\n<\/div>\n\n\t<\/div>\n<\/section>\n\n<section class=\"sh-section sh-section-8ef21018e2f3150d2a9b9ec90488f520 fw-main-row sh-section-visibility-everywhere\">\n\t\n\t\n\t<div class=\"sh-section-container container\">\n\t\t<div class=\"fw-row\">\n\t\n<div class=\"sh-column sh-column-1be2998ad614f6bdf3a7e924a5436b49 fw-col-xs-12 fw-col-sm-15\" >\n\n\t\n\t<div class=\"sh-column-wrapper\">\n\t\t\t<\/div>\n\n\n\t\t\n\n<\/div>\n\n<div class=\"sh-column sh-column-4c3630d03bbc790cf7a38e2af353cb52 fw-col-xs-12 fw-col-sm-15\" >\n\n\t\n\t<div class=\"sh-column-wrapper\">\n\t\t\n<div id=\"text-block-47f2c6b23c04bbe3a118efc79d68a467\" class=\"sh-text-block\">\n\t<p style=\"text-align: center;\"><a href=\"https:\/\/challengecuptournaments.com\/pt\/cookie-policy\/\" target=\"_blank\" rel=\"noopener\"><span style=\"font-size: 16px; color: #ffffff;\">Pol\u00edtica de Cookies<\/span><\/a><\/p><\/div>\n\t<\/div>\n\n\n\t\t\n\n<\/div>\n\n<div class=\"sh-column sh-column-6452a2046460a7beea857e9c11e4010e fw-col-xs-12 fw-col-sm-15\" >\n\n\t\n\t<div class=\"sh-column-wrapper\">\n\t\t\n<div id=\"text-block-3b5d54501e6aa5ba5ff78672c8522b9e\" class=\"sh-text-block\">\n\t<p style=\"text-align: center;\"><a href=\"https:\/\/challengecuptournaments.com\/pt\/privacy-policy\/\" target=\"_blank\" rel=\"noopener\"><span style=\"font-size: 16px; color: #ffffff;\">Pol\u00edtica de privacidade<\/span><\/a><\/p><\/div>\n\t<\/div>\n\n\n\t\t\n\n<\/div>\n\n<div class=\"sh-column sh-column-774db88048b065ab60428e9ddd534d92 fw-col-xs-12 fw-col-sm-15\" >\n\n\t\n\t<div class=\"sh-column-wrapper\">\n\t\t\n<div id=\"text-block-98ed8a0b2d7b6cd7c9a9032b50e51ad0\" class=\"sh-text-block\">\n\t<p style=\"text-align: center;\"><a href=\"https:\/\/challengecuptournaments.com\/pt\/terms-of-service\/\" target=\"_blank\" rel=\"noopener\"><span style=\"font-size: 16px; color: #ffffff;\">Termos do servi\u00e7o<\/span><\/a><\/p><\/div>\n\t<\/div>\n\n\n\t\t\n\n<\/div>\n\n<div class=\"sh-column sh-column-453696a148d798733e4be448a24792aa fw-col-xs-12 fw-col-sm-15\" >\n\n\t\n\t<div class=\"sh-column-wrapper\">\n\t\t\t<\/div>\n\n\n\t\t\n\n<\/div>\n<\/div>\n\n\t<\/div>\n<\/section>\n<\/p>","protected":false},"excerpt":{"rendered":"<p>Torneios Challenge Cup Viajar para o Algarve tarifa normal, Challenge Cup \u00e9 gr\u00e1tis Torneios Challenge Cup Viajar para o Algarve tarifa normal, Challenge Cup \u00e9 gr\u00e1tis Agende uma chamada com a nossa equipa\u2026<\/p>","protected":false},"author":4,"featured_media":0,"parent":0,"menu_order":0,"comment_status":"closed","ping_status":"closed","template":"","meta":{"_eb_attr":"","om_disable_all_campaigns":false,"_monsterinsights_skip_tracking":false,"_monsterinsights_sitenote_active":false,"_monsterinsights_sitenote_note":"","_monsterinsights_sitenote_category":0,"footnotes":""},"class_list":["post-3666","page","type-page","status-publish","hentry"],"aioseo_notices":[],"_links":{"self":[{"href":"https:\/\/challengecuptournaments.com\/pt\/wp-json\/wp\/v2\/pages\/3666","targetHints":{"allow":["GET"]}}],"collection":[{"href":"https:\/\/challengecuptournaments.com\/pt\/wp-json\/wp\/v2\/pages"}],"about":[{"href":"https:\/\/challengecuptournaments.com\/pt\/wp-json\/wp\/v2\/types\/page"}],"author":[{"embeddable":true,"href":"https:\/\/challengecuptournaments.com\/pt\/wp-json\/wp\/v2\/users\/4"}],"replies":[{"embeddable":true,"href":"https:\/\/challengecuptournaments.com\/pt\/wp-json\/wp\/v2\/comments?post=3666"}],"version-history":[{"count":94,"href":"https:\/\/challengecuptournaments.com\/pt\/wp-json\/wp\/v2\/pages\/3666\/revisions"}],"predecessor-version":[{"id":4119,"href":"https:\/\/challengecuptournaments.com\/pt\/wp-json\/wp\/v2\/pages\/3666\/revisions\/4119"}],"wp:attachment":[{"href":"https:\/\/challengecuptournaments.com\/pt\/wp-json\/wp\/v2\/media?parent=3666"}],"curies":[{"name":"wp","href":"https:\/\/api.w.org\/{rel}","templated":true}]}}