{"id":3696,"date":"2019-08-20T15:12:46","date_gmt":"2019-08-20T15:12:46","guid":{"rendered":"https:\/\/challengecuptournaments.com\/?page_id=3696"},"modified":"2019-08-25T08:32:39","modified_gmt":"2019-08-25T08:32:39","slug":"top-5-things-that-challenge-cup-participants-loved-most","status":"publish","type":"page","link":"https:\/\/challengecuptournaments.com\/pt\/top-5-things-that-challenge-cup-participants-loved-most\/","title":{"rendered":"As 5 coisas que os participantes da Challenge Cup mais gostaram"},"content":{"rendered":"<p>\n<section class=\"sh-section sh-section-d1ed6dbc09130afe8368e752cc9c53ba fw-main-row sh-section-visibility-everywhere\" id=\"program\">\n\t\n\t\n\t<div class=\"sh-section-container container\">\n\t\t<div class=\"fw-row\">\n\t\n<div class=\"sh-column sh-column-210f68abc56b3e217520a9acaad9d115 fw-col-xs-12\" >\n\n\t\n\t<div class=\"sh-column-wrapper\">\n\t\t\n<div class=\"sh-heading\" id=\"heading-4492183bc3e187441cc8924ec064a387\">\n\t<div class=\"sh-element-margin\">\n\n\t\t\n\t\t\t<h2 class=\"sh-heading-content size-m text-center\">\n\t\t\t\tTorneios da Copa Desafio\t\t\t<\/h2>\n\n\t\t\n\t<\/div>\n<\/div>\n\n<div class=\"sh-heading\" id=\"heading-6ebaed389cdbe3009de946a9f09cc4eb\">\n\t<div class=\"sh-element-margin\">\n\n\t\t\n\t\t\t<h1 class=\"sh-heading-content size-xxl text-center\">\n\t\t\t\tAs 5 coisas que os participantes da Challenge Cup mais gostaram\t\t\t<\/h1>\n\n\t\t\n\t<\/div>\n<\/div>\n\t<\/div>\n\n\n\t\t\n\n<\/div>\n<\/div>\n\n\t<\/div>\n<\/section>\n\n<section class=\"sh-section sh-section-78778c1345ed5b3c0f690e72677ea8d2 fw-main-row sh-section-visibility-everywhere\">\n\t\n\t\n\t<div class=\"sh-section-container container\">\n\t\t<div class=\"fw-row\">\n\t\n<div class=\"sh-column sh-column-785a048c1bb0d03460076b496c26835f fw-col-xs-12\" >\n\n\t\n\t<div class=\"sh-column-wrapper\">\n\t\t\n<div id=\"text-block-4336d8a2b545e6a97619076664f8d5a8\" class=\"sh-text-block\">\n\t<p><span style=\"font-size: 18px; color: #333;\">Depois de receber todas as perguntas sobre a Challenge Cup 2019, estas s\u00e3o as 5 coisas mais votadas que nossos participantes mais gostaram.<\/span><\/p><p><strong><span style=\"font-size: 22px; color: #333;\">Cerim\u00f3nia de Abertura<\/span><\/strong><br \/><span style=\"font-size: 18px; color: #333;\">Na \u00faltima edi\u00e7\u00e3o, recebemos na Praia da Rocha mais de 3000 pessoas para um momento internacional \u00fanico com todos os participantes do torneio e suas fam\u00edlias.<\/span><\/p><p><strong><span style=\"font-size: 22px; color: #333;\">Parque Aqu\u00e1tico Slide &amp; Splash<\/span><\/strong><br \/><span style=\"font-size: 18px; color: #333;\">Todos os participantes da Challenge Cup t\u00eam entrada gratuita no maior parque aqu\u00e1tico de Portugal, o Slide &amp; Splash, em Lagoa. Milhares de jovens jogadores aproveitaram esta atra\u00e7\u00e3o incr\u00edvel.<\/span><\/p><p><strong><span style=\"font-size: 22px; color: #333;\">Alojamento<\/span><\/strong><br \/><span style=\"font-size: 18px; color: #333;\">A Challenge Cup tem parcerias com v\u00e1rios Hot\u00e9is em Portim\u00e3o, Albufeira e Lagoa, garantindo bons hot\u00e9is a excelentes pre\u00e7os.<\/span><\/p><p><strong><span style=\"font-size: 22px; color: #333;\">Campos<\/span><\/strong><br \/><span style=\"font-size: 18px; color: #333;\">A regi\u00e3o do Algarve conta com mais de 100 clubes de futebol (alguns deles atualmente a jogar na primeira e segunda divis\u00f5es do futebol portugu\u00eas), oferecendo diversas boas condi\u00e7\u00f5es para as centenas de jogos disputados.<\/span><\/p><p><strong><span style=\"font-size: 22px; color: #333;\">Praias<\/span><\/strong><br \/><span style=\"font-size: 18px; color: #333;\">A regi\u00e3o do Algarve foi galardoada com o World Travel Award 6 vezes nos \u00faltimos 8 anos como o melhor destino de praia da Europa. Mais de 90 foram galardoadas com a &quot;bandeira azul&quot; e s\u00e3o consideradas algumas das praias mais bonitas do mundo. <\/span><\/p><\/div>\n\t<\/div>\n\n\n\t\t\n\n<\/div>\n<\/div>\n\n\t<\/div>\n<\/section>\n\n<section class=\"sh-section sh-section-ad5e6df45e0dc3d783db805db2d3612c fw-main-row sh-section-visibility-everywhere\">\n\t\n\t\n\t<div class=\"sh-section-container container\">\n\t\t<div class=\"fw-row\">\n\t\n<div class=\"sh-column sh-column-785a048c1bb0d03460076b496c26835f fw-col-xs-12\" >\n\n\t\n\t<div class=\"sh-column-wrapper\">\n\t\t\n<div class=\"sh-heading\" id=\"heading-fd8267c5451aad43693de9205cc937bc\">\n\t<div class=\"sh-element-margin\">\n\n\t\t\n\t\t\t<h2 class=\"sh-heading-content size-xl text-center\">\n\t\t\t\tViaja para o Algarve pelo pre\u00e7o normal, o Challenge Cup \u00e9 gratuito.\t\t\t<\/h2>\n\n\t\t\n\t<\/div>\n<\/div>\n\t<\/div>\n\n\n\t\t\n\n<\/div>\n<\/div>\n\n<div class=\"fw-row\">\n\t\n<div class=\"sh-column sh-column-785a048c1bb0d03460076b496c26835f fw-col-xs-12\" >\n\n\t\n\t<div class=\"sh-column-wrapper\">\n\t\t\n<div id=\"text-block-d7b6252f2c40a0dfe51ee742b36846df\" class=\"sh-text-block\">\n\t<p><center><span style=\"font-size: 22px;\">Junte-se \u00e0s 200 equipas que v\u00e3o jogar esta ta\u00e7a internacional juvenil de forma gratuita e desfrute da maravilhosa regi\u00e3o do Algarve<\/span><\/center><\/p><\/div>\n\t<\/div>\n\n\n\t\t\n\n<\/div>\n<\/div>\n\n<div class=\"fw-row\">\n\t\n<div class=\"sh-column sh-column-785a048c1bb0d03460076b496c26835f fw-col-xs-12\" >\n\n\t\n\t<div class=\"sh-column-wrapper\">\n\t\t\n<div id=\"button-998cd85efd6fa5291cf3a254c95ab272\" class=\"sh-button-container  sh-button-style-2\">\n\t<div class=\"sh-element-margin\">\n\t\t<a href=\"https:\/\/challengecuptournaments.com\/pt\/video-form\/\" target=\"_self\" class=\"sh-button sh-button-xlarge sh-button-icon-left\">\n\n\t\t\t\t\t\t\t<span class=\"sh-button-icon\">\n\t\t\t\t\t<i class=\"ti-arrow-circle-right\"><\/i>\n\t\t\t\t<\/span>\n\t\t\t\n\t\t\t\t\t\t\t<span class=\"sh-button-text\">\n\t\t\t\t\tAssista ao nosso v\u00eddeo e agende uma liga\u00e7\u00e3o com nossa equipe\t\t\t\t<\/span>\n\t\t\t\n\t\t\t\n\t\t<\/a>\n\t\t\t<\/div>\n<\/div>\n\t<\/div>\n\n\n\t\t\n\n<\/div>\n<\/div>\n\n\t<\/div>\n<\/section>\n\n<section class=\"sh-section sh-section-8ef21018e2f3150d2a9b9ec90488f520 fw-main-row sh-section-visibility-everywhere\">\n\t\n\t\n\t<div class=\"sh-section-container container\">\n\t\t<div class=\"fw-row\">\n\t\n<div class=\"sh-column sh-column-1be2998ad614f6bdf3a7e924a5436b49 fw-col-xs-12 fw-col-sm-15\" >\n\n\t\n\t<div class=\"sh-column-wrapper\">\n\t\t\t<\/div>\n\n\n\t\t\n\n<\/div>\n\n<div class=\"sh-column sh-column-4c3630d03bbc790cf7a38e2af353cb52 fw-col-xs-12 fw-col-sm-15\" >\n\n\t\n\t<div class=\"sh-column-wrapper\">\n\t\t\n<div id=\"text-block-47f2c6b23c04bbe3a118efc79d68a467\" class=\"sh-text-block\">\n\t<p style=\"text-align: center;\"><a href=\"https:\/\/challengecuptournaments.com\/pt\/cookie-policy\/\" target=\"_blank\" rel=\"noopener\"><span style=\"font-size: 16px; color: #ffffff;\">Pol\u00edtica de Cookies<\/span><\/a><\/p><\/div>\n\t<\/div>\n\n\n\t\t\n\n<\/div>\n\n<div class=\"sh-column sh-column-6452a2046460a7beea857e9c11e4010e fw-col-xs-12 fw-col-sm-15\" >\n\n\t\n\t<div class=\"sh-column-wrapper\">\n\t\t\n<div id=\"text-block-3b5d54501e6aa5ba5ff78672c8522b9e\" class=\"sh-text-block\">\n\t<p style=\"text-align: center;\"><a href=\"https:\/\/challengecuptournaments.com\/pt\/privacy-policy\/\" target=\"_blank\" rel=\"noopener\"><span style=\"font-size: 16px; color: #ffffff;\">Pol\u00edtica de privacidade<\/span><\/a><\/p><\/div>\n\t<\/div>\n\n\n\t\t\n\n<\/div>\n\n<div class=\"sh-column sh-column-774db88048b065ab60428e9ddd534d92 fw-col-xs-12 fw-col-sm-15\" >\n\n\t\n\t<div class=\"sh-column-wrapper\">\n\t\t\n<div id=\"text-block-98ed8a0b2d7b6cd7c9a9032b50e51ad0\" class=\"sh-text-block\">\n\t<p style=\"text-align: center;\"><a href=\"https:\/\/challengecuptournaments.com\/pt\/terms-of-service\/\" target=\"_blank\" rel=\"noopener\"><span style=\"font-size: 16px; color: #ffffff;\">Termos do servi\u00e7o<\/span><\/a><\/p><\/div>\n\t<\/div>\n\n\n\t\t\n\n<\/div>\n\n<div class=\"sh-column sh-column-453696a148d798733e4be448a24792aa fw-col-xs-12 fw-col-sm-15\" >\n\n\t\n\t<div class=\"sh-column-wrapper\">\n\t\t\t<\/div>\n\n\n\t\t\n\n<\/div>\n<\/div>\n\n\t<\/div>\n<\/section>\n<\/p>","protected":false},"excerpt":{"rendered":"<p>Torneios da Challenge Cup As 5 coisas que os participantes da Challenge Cup mais gostaram Depois de receber todas as perguntas sobre a Challenge Cup 2019, estas s\u00e3o as 5 coisas mais votadas que\u2026<\/p>","protected":false},"author":4,"featured_media":0,"parent":0,"menu_order":0,"comment_status":"closed","ping_status":"closed","template":"","meta":{"_eb_attr":"","om_disable_all_campaigns":false,"_monsterinsights_skip_tracking":false,"_monsterinsights_sitenote_active":false,"_monsterinsights_sitenote_note":"","_monsterinsights_sitenote_category":0,"footnotes":""},"class_list":["post-3696","page","type-page","status-publish","hentry"],"aioseo_notices":[],"_links":{"self":[{"href":"https:\/\/challengecuptournaments.com\/pt\/wp-json\/wp\/v2\/pages\/3696","targetHints":{"allow":["GET"]}}],"collection":[{"href":"https:\/\/challengecuptournaments.com\/pt\/wp-json\/wp\/v2\/pages"}],"about":[{"href":"https:\/\/challengecuptournaments.com\/pt\/wp-json\/wp\/v2\/types\/page"}],"author":[{"embeddable":true,"href":"https:\/\/challengecuptournaments.com\/pt\/wp-json\/wp\/v2\/users\/4"}],"replies":[{"embeddable":true,"href":"https:\/\/challengecuptournaments.com\/pt\/wp-json\/wp\/v2\/comments?post=3696"}],"version-history":[{"count":3,"href":"https:\/\/challengecuptournaments.com\/pt\/wp-json\/wp\/v2\/pages\/3696\/revisions"}],"predecessor-version":[{"id":3798,"href":"https:\/\/challengecuptournaments.com\/pt\/wp-json\/wp\/v2\/pages\/3696\/revisions\/3798"}],"wp:attachment":[{"href":"https:\/\/challengecuptournaments.com\/pt\/wp-json\/wp\/v2\/media?parent=3696"}],"curies":[{"name":"wp","href":"https:\/\/api.w.org\/{rel}","templated":true}]}}