{"id":3770,"date":"2019-08-24T15:26:33","date_gmt":"2019-08-24T15:26:33","guid":{"rendered":"https:\/\/challengecuptournaments.com\/?page_id=3770"},"modified":"2019-08-26T10:18:35","modified_gmt":"2019-08-26T10:18:35","slug":"video-form","status":"publish","type":"page","link":"https:\/\/challengecuptournaments.com\/pt\/video-form\/","title":{"rendered":"Assista v\u00eddeo"},"content":{"rendered":"<p>\n<section class=\"sh-section sh-section-521d419fbe99847b1db93258513c8ce3 fw-main-row sh-section-visibility-desktop\">\n\t\n\t\n\t<div class=\"sh-section-container container-fluid section-justify-height section-justify-height-full sh-section-mobile-alignment-center\">\n\t\t<div class=\"fw-row\">\n\t\n<div class=\"sh-column sh-column-fa76c2ad62b80a4e4c0f16125f8f4dfb fw-col-xs-12 sh-column-mobile-padding\" >\n\n\t\n\t<div class=\"sh-column-wrapper\">\n\t\t\n<div id=\"single-image-4b217c2d59f592c06f1902d02b4a277b\" class=\"sh-single-image\">\n\t<div class=\"sh-element-margin\">\n\t\t\n\t\t\n\t\t\t<div class=\"sh-single-image-container\">\n\t\t\t\t\t\t\t\t\t\n\t\t\t\t\t\t\t\t\t\t\t\t\t<img decoding=\"async\" class=\"sh-image-url\" src=\"https:\/\/challengecuptournaments.com\/wp-content\/uploads\/2019\/07\/CHALLENGE_CT_Id_01-e1563721366519.png\" alt=\"CHALLENGE_CT_Id_01\" \/>\n\t\t\t\t\t\t\t\t\t\t\t\t\t\n\t\t\t\t\t\t\t\t\t\n\t\t\t\t\t\t\t<\/div>\n\n\t\t\n\t<\/div>\n<\/div>\n\n<div class=\"sh-empty-space\" id=\"empty-space-eed2bffb8ea6404eab43fb47f37fc26a\"><\/div>\n\n<div class=\"sh-heading\" id=\"heading-c1d1b0ad7ffbf858beced06f42f95efe\">\n\t<div class=\"sh-element-margin\">\n\n\t\t\n\t\t\t<h2 class=\"sh-heading-content size-default text-center\">\n\t\t\t\tJ\u00e1 partilhaste os teus dados connosco, para proceder, carrega no bot\u00e3o.\t\t\t<\/h2>\n\n\t\t\n\t<\/div>\n<\/div>\n\n<div id=\"button-0b2aa7b7ff4537307d80eedf53121161\" class=\"sh-button-container  sh-button-style-1 sh-animated fadeIn\"data-wow-duration=\"2s\"data-wow-delay=\"0.5s\">\n\t<div class=\"sh-element-margin\">\n\t\t<a href=\"https:\/\/challengecuptournaments.com\/pt\/video-en\/\" target=\"_self\" class=\"sh-button sh-button-large sh-button-icon-left\">\n\n\t\t\t\t\t\t\t<span class=\"sh-button-icon\">\n\t\t\t\t\t<i class=\"ti-arrow-circle-right\"><\/i>\n\t\t\t\t<\/span>\n\t\t\t\n\t\t\t\t\t\t\t<span class=\"sh-button-text\">\n\t\t\t\t\tContinuar\t\t\t\t<\/span>\n\t\t\t\n\t\t\t\n\t\t<\/a>\n\t\t\t<\/div>\n<\/div>\n\t<\/div>\n\n\n\t\t\n\n<\/div>\n<\/div>\n\n\t<\/div>\n<\/section>\n\n<section class=\"sh-section sh-section-72b21196ba042f40bbf1ad10db1ede76 fw-main-row sh-section-visibility-mobile\">\n\t\n\t\n\t<div class=\"sh-section-container container-fluid section-justify-height section-justify-height-full sh-section-mobile-alignment-center\">\n\t\t<div class=\"fw-row\">\n\t\n<div class=\"sh-column sh-column-774e38160ce328482020cd55e1703246 fw-col-xs-12 sh-column-mobile-padding\" >\n\n\t\n\t<div class=\"sh-column-wrapper\">\n\t\t\n<div id=\"single-image-a7e3a20b57d0ecd87e388063c20ec68f\" class=\"sh-single-image\">\n\t<div class=\"sh-element-margin\">\n\t\t\n\t\t\n\t\t\t<div class=\"sh-single-image-container\">\n\t\t\t\t\t\t\t\t\t\n\t\t\t\t\t\t\t\t\t\t\t\t\t<img decoding=\"async\" class=\"sh-image-url\" src=\"https:\/\/challengecuptournaments.com\/wp-content\/uploads\/2019\/07\/CHALLENGE_CT_Id_01-e1563721366519.png\" alt=\"CHALLENGE_CT_Id_01\" \/>\n\t\t\t\t\t\t\t\t\t\t\t\t\t\n\t\t\t\t\t\t\t\t\t\n\t\t\t\t\t\t\t<\/div>\n\n\t\t\n\t<\/div>\n<\/div>\n\n<div class=\"sh-empty-space\" id=\"empty-space-a217c0b755f0c134effc8a535e507519\"><\/div>\n\n<div class=\"sh-heading\" id=\"heading-82a6fba5c1f110dbc3782aa5aa84b7a5\">\n\t<div class=\"sh-element-margin\">\n\n\t\t\n\t\t\t<h2 class=\"sh-heading-content size-default text-center\">\n\t\t\t\tJ\u00e1 partilhaste os teus dados connosco, para proceder, carrega no bot\u00e3o.\t\t\t<\/h2>\n\n\t\t\n\t<\/div>\n<\/div>\n\n<div id=\"button-b2dd79b8168b9da452d8aab6e6060083\" class=\"sh-button-container  sh-button-style-1 sh-animated fadeIn\"data-wow-duration=\"1.5s\"data-wow-delay=\"1.5s\">\n\t<div class=\"sh-element-margin\">\n\t\t<a href=\"https:\/\/challengecuptournaments.com\/pt\/video-en\/\" target=\"_self\" class=\"sh-button sh-button-large sh-button-icon-left\">\n\n\t\t\t\t\t\t\t<span class=\"sh-button-icon\">\n\t\t\t\t\t<i class=\"ti-arrow-circle-right\"><\/i>\n\t\t\t\t<\/span>\n\t\t\t\n\t\t\t\t\t\t\t<span class=\"sh-button-text\">\n\t\t\t\t\tContinuar\t\t\t\t<\/span>\n\t\t\t\n\t\t\t\n\t\t<\/a>\n\t\t\t<\/div>\n<\/div>\n\t<\/div>\n\n\n\t\t\n\n<\/div>\n<\/div>\n\n\t<\/div>\n<\/section>\n<\/p>","protected":false},"excerpt":{"rendered":"<p>Voc\u00ea j\u00e1 compartilha seus dados conosco, pressione o bot\u00e3o para prosseguir. Continuar Voc\u00ea j\u00e1 compartilha seus dados conosco, pressione o bot\u00e3o para prosseguir. Continuar<\/p>","protected":false},"author":4,"featured_media":0,"parent":0,"menu_order":0,"comment_status":"closed","ping_status":"closed","template":"..\/public\/views\/revslider-page-template.php","meta":{"_eb_attr":"","om_disable_all_campaigns":false,"_monsterinsights_skip_tracking":false,"_monsterinsights_sitenote_active":false,"_monsterinsights_sitenote_note":"","_monsterinsights_sitenote_category":0,"footnotes":""},"class_list":["post-3770","page","type-page","status-publish","hentry"],"aioseo_notices":[],"_links":{"self":[{"href":"https:\/\/challengecuptournaments.com\/pt\/wp-json\/wp\/v2\/pages\/3770","targetHints":{"allow":["GET"]}}],"collection":[{"href":"https:\/\/challengecuptournaments.com\/pt\/wp-json\/wp\/v2\/pages"}],"about":[{"href":"https:\/\/challengecuptournaments.com\/pt\/wp-json\/wp\/v2\/types\/page"}],"author":[{"embeddable":true,"href":"https:\/\/challengecuptournaments.com\/pt\/wp-json\/wp\/v2\/users\/4"}],"replies":[{"embeddable":true,"href":"https:\/\/challengecuptournaments.com\/pt\/wp-json\/wp\/v2\/comments?post=3770"}],"version-history":[{"count":39,"href":"https:\/\/challengecuptournaments.com\/pt\/wp-json\/wp\/v2\/pages\/3770\/revisions"}],"predecessor-version":[{"id":3835,"href":"https:\/\/challengecuptournaments.com\/pt\/wp-json\/wp\/v2\/pages\/3770\/revisions\/3835"}],"wp:attachment":[{"href":"https:\/\/challengecuptournaments.com\/pt\/wp-json\/wp\/v2\/media?parent=3770"}],"curies":[{"name":"wp","href":"https:\/\/api.w.org\/{rel}","templated":true}]}}